{"id":783,"date":"2025-10-29T11:55:39","date_gmt":"2025-10-29T10:55:39","guid":{"rendered":"https:\/\/asso-apsh.fr\/?page_id=783"},"modified":"2026-01-14T16:00:06","modified_gmt":"2026-01-14T15:00:06","slug":"nous-soutenir","status":"publish","type":"page","link":"https:\/\/asso-apsh.fr\/index.php\/nous-soutenir\/","title":{"rendered":"nous soutenir"},"content":{"rendered":"\n<p>vous avez la possibilit\u00e9 de nous soutenir en adh\u00e9rent ou en allant sur notre boutique en ligne <\/p>\n\n\n\n<p>cliquer sur ces liens vous fera sortir de notre site et vous irez sur les sites partenaires.<\/p>\n\n\n\n<p><a href=\"https:\/\/www.helloasso.com\/associations\/asso-apsh\">adh\u00e9rer ou faire un don (helloasso)<\/a><\/p>\n\n\n\n<p><a href=\"https:\/\/asso-apsh.myspreadshop.fr\">acheter sur notre boutique en ligne (myspreadshop)<\/a> deux \u00e0 trois semaines de d\u00e9lais pour \u00eatre livr\u00e9 (pas de stocks cr\u00e9ation de l&rsquo;objet \u00e0 la demande au moment de la commande)<\/p>\n\n\n\n<p><a href=\"http:\/\/madamenicole.fr\">madamenicole.fr<\/a><\/p>\n\n\n\n<blockquote class=\"wp-block-quote is-layout-flow wp-block-quote-is-layout-flow\"><\/blockquote>\n\n\n\n<blockquote class=\"wp-block-quote is-layout-flow wp-block-quote-is-layout-flow\">\n<blockquote class=\"wp-block-quote is-layout-flow wp-block-quote-is-layout-flow\"><\/blockquote>\n<\/blockquote>\n","protected":false},"excerpt":{"rendered":"<p class=\"qua-blog-post-description\">vous avez la possibilit\u00e9 de nous soutenir en adh\u00e9rent ou en allant sur notre boutique en ligne cliquer sur ces liens vous fera sortir de notre site et vous irez sur les sites partenaires. adh\u00e9rer ou faire un don (helloasso) acheter sur notre boutique en ligne (myspreadshop) deux \u00e0 trois semaines de d\u00e9lais pour \u00eatre<\/p>\n<p class=\"qua-blog-post-description\"><a href=\"https:\/\/asso-apsh.fr\/index.php\/nous-soutenir\/#more-783\" class=\"more-link\">Lire la suite<\/a><\/p>\n","protected":false},"author":5,"featured_media":0,"parent":0,"menu_order":0,"comment_status":"closed","ping_status":"closed","template":"","meta":{"_seopress_robots_primary_cat":"","_seopress_titles_title":"","_seopress_titles_desc":"","_seopress_robots_index":"","footnotes":""},"class_list":["post-783","page","type-page","status-publish","hentry"],"_links":{"self":[{"href":"https:\/\/asso-apsh.fr\/index.php\/wp-json\/wp\/v2\/pages\/783","targetHints":{"allow":["GET"]}}],"collection":[{"href":"https:\/\/asso-apsh.fr\/index.php\/wp-json\/wp\/v2\/pages"}],"about":[{"href":"https:\/\/asso-apsh.fr\/index.php\/wp-json\/wp\/v2\/types\/page"}],"author":[{"embeddable":true,"href":"https:\/\/asso-apsh.fr\/index.php\/wp-json\/wp\/v2\/users\/5"}],"replies":[{"embeddable":true,"href":"https:\/\/asso-apsh.fr\/index.php\/wp-json\/wp\/v2\/comments?post=783"}],"version-history":[{"count":8,"href":"https:\/\/asso-apsh.fr\/index.php\/wp-json\/wp\/v2\/pages\/783\/revisions"}],"predecessor-version":[{"id":838,"href":"https:\/\/asso-apsh.fr\/index.php\/wp-json\/wp\/v2\/pages\/783\/revisions\/838"}],"wp:attachment":[{"href":"https:\/\/asso-apsh.fr\/index.php\/wp-json\/wp\/v2\/media?parent=783"}],"curies":[{"name":"wp","href":"https:\/\/api.w.org\/{rel}","templated":true}]}}